{"id":13,"date":"2018-10-13T03:56:49","date_gmt":"2018-10-13T01:56:49","guid":{"rendered":"http:\/\/audreypennel.fr\/these\/?page_id=13"},"modified":"2021-11-13T18:27:33","modified_gmt":"2021-11-13T17:27:33","slug":"accueil","status":"publish","type":"page","link":"https:\/\/audreypennel.fr\/these\/","title":{"rendered":"Accueil"},"content":{"rendered":"\t\t<div data-elementor-type=\"wp-post\" data-elementor-id=\"13\" class=\"elementor elementor-13\">\n\t\t\t\t\t\t<section class=\"elementor-section elementor-top-section elementor-element elementor-element-3725fae elementor-section-boxed elementor-section-height-default elementor-section-height-default\" data-id=\"3725fae\" data-element_type=\"section\" data-e-type=\"section\">\n\t\t\t\t\t\t<div class=\"elementor-container elementor-column-gap-default\">\n\t\t\t\t\t<div class=\"elementor-column elementor-col-66 elementor-top-column elementor-element elementor-element-092fed9\" data-id=\"092fed9\" data-element_type=\"column\" data-e-type=\"column\">\n\t\t\t<div class=\"elementor-widget-wrap elementor-element-populated\">\n\t\t\t\t\t\t<div class=\"elementor-element elementor-element-f1c92d2 animated-slow elementor-invisible elementor-widget elementor-widget-text-editor\" data-id=\"f1c92d2\" data-element_type=\"widget\" data-e-type=\"widget\" data-settings=\"{&quot;_animation&quot;:&quot;fadeIn&quot;}\" data-widget_type=\"text-editor.default\">\n\t\t\t\t<div class=\"elementor-widget-container\">\n\t\t\t\t\t\t\t\t\t<p style=\"text-align: right;\"><strong><span style=\"color: #993300;\">T\u00e9l\u00e9charger la th\u00e8se :<\/span><\/strong><\/p>\t\t\t\t\t\t\t\t<\/div>\n\t\t\t\t<\/div>\n\t\t\t\t\t<\/div>\n\t\t<\/div>\n\t\t\t\t<div class=\"elementor-column elementor-col-33 elementor-top-column elementor-element elementor-element-5bdca50\" data-id=\"5bdca50\" data-element_type=\"column\" data-e-type=\"column\">\n\t\t\t<div class=\"elementor-widget-wrap elementor-element-populated\">\n\t\t\t\t\t\t<div class=\"elementor-element elementor-element-201a20c elementor-view-framed animated-slow elementor-shape-circle elementor-invisible elementor-widget elementor-widget-icon\" data-id=\"201a20c\" data-element_type=\"widget\" data-e-type=\"widget\" data-settings=\"{&quot;_animation&quot;:&quot;fadeIn&quot;}\" data-widget_type=\"icon.default\">\n\t\t\t\t<div class=\"elementor-widget-container\">\n\t\t\t\t\t\t\t<div class=\"elementor-icon-wrapper\">\n\t\t\t<a class=\"elementor-icon\" href=\"https:\/\/tel.archives-ouvertes.fr\/tel-02152444\/document\" target=\"_blank\">\n\t\t\t<i aria-hidden=\"true\" class=\"fas fa-download\"><\/i>\t\t\t<\/a>\n\t\t<\/div>\n\t\t\t\t\t\t<\/div>\n\t\t\t\t<\/div>\n\t\t\t\t\t<\/div>\n\t\t<\/div>\n\t\t\t\t\t<\/div>\n\t\t<\/section>\n\t\t\t\t<section class=\"elementor-section elementor-top-section elementor-element elementor-element-794ff3dc elementor-section-stretched animated-slow elementor-section-boxed elementor-section-height-default elementor-section-height-default elementor-invisible\" data-id=\"794ff3dc\" data-element_type=\"section\" data-e-type=\"section\" data-settings=\"{&quot;stretch_section&quot;:&quot;section-stretched&quot;,&quot;animation&quot;:&quot;fadeIn&quot;,&quot;background_background&quot;:&quot;classic&quot;}\">\n\t\t\t\t\t\t<div class=\"elementor-container elementor-column-gap-default\">\n\t\t\t\t\t<div class=\"elementor-column elementor-col-100 elementor-top-column elementor-element elementor-element-5c6e4c\" data-id=\"5c6e4c\" data-element_type=\"column\" data-e-type=\"column\">\n\t\t\t<div class=\"elementor-widget-wrap elementor-element-populated\">\n\t\t\t\t\t\t<div class=\"elementor-element elementor-element-ed5d8ff animated-slow elementor-invisible elementor-widget elementor-widget-text-editor\" data-id=\"ed5d8ff\" data-element_type=\"widget\" data-e-type=\"widget\" data-settings=\"{&quot;_animation&quot;:&quot;fadeIn&quot;}\" data-widget_type=\"text-editor.default\">\n\t\t\t\t<div class=\"elementor-widget-container\">\n\t\t\t\t\t\t\t\t\t<p><strong>Docteure en histoire de l&rsquo;art m\u00e9di\u00e9val de l&rsquo;universit\u00e9 de Bourgogne.<\/strong><\/p><p><br \/><strong><img decoding=\"async\" class=\"size-full wp-image-14 alignleft\" src=\"https:\/\/audreypennel.fr\/these\/wp-content\/uploads\/2018\/10\/ubfc.png\" alt=\"\" width=\"131\" height=\"69\" \/><\/strong><\/p><div><span style=\"color: #333333;\">\u00a0UNIVERSIT\u00c9 DE BOURGOGNE <span style=\"font-size: 1rem;\">FRANCHE-COMT\u00c9 <img decoding=\"async\" class=\"size-thumbnail wp-image-15 alignleft\" src=\"https:\/\/audreypennel.fr\/these\/wp-content\/uploads\/2018\/10\/sept-150x74.png\" alt=\"\" width=\"150\" height=\"74\" \/><\/span><\/span><\/div><div><span style=\"color: #333333;\">UFR Sciences Humaines,\u00a0<\/span><span style=\"color: #333333; background-color: rgba(255, 255, 255, 0); font-size: 1rem;\"><br \/><\/span><\/div><p style=\"text-align: center;\"><span style=\"color: #333333; background-color: rgba(255, 255, 255, 0); font-size: 1rem;\">\u00c9cole Doctorale SEPT (Soci\u00e9t\u00e9s, Espace, Pratiques, Temps),<br \/><\/span><span style=\"color: #333333; background-color: rgba(255, 255, 255, 0); font-size: 1rem;\">Centre Georges Chevrier UMR 7366 \u2013 CNRS uB<\/span><\/p><p style=\"text-align: center;\"><strong><span style=\"color: #333333;\">Th\u00e8se soutenue le 8 mars 2019.<\/span><\/strong><\/p><p style=\"text-align: center;\"><span style=\"color: #333333; background-color: rgba(255, 255, 255, 0); font-size: 1rem;\">Audrey PENNEL<\/span><\/p><p style=\"text-align: center;\">FEMME ET DAME DE COURTOISIE DANS LES MANUSCRITS ENLUMIN\u00c9S EN FRANCE AUX XIVe et XVe SI\u00c8CLES<\/p><p style=\"text-align: center;\">Sous la co-direction de Monsieur le Professeur Daniel RUSSO<br \/>et de<br \/>Madame la Professeure C\u00e9cile VOYER<\/p><p style=\"text-align: justify;\"><span style=\"text-decoration: underline;\">Membres du Jury :\u00a0<\/span><\/p><ul><li style=\"text-align: justify;\">Madame Anne-Marie LEGAR\u00c9, Professeure en histoire de l&rsquo;art m\u00e9di\u00e9val, Universit\u00e9 Charlesde-Gaulle Lille 3, rapporteur.\u00a0<\/li><li style=\"text-align: justify;\">Monsieur Didier LETT, Professeur en histoire m\u00e9di\u00e9vale, Universit\u00e9 de Paris Denis-Diderot (Paris 7), rapporteur.\u00a0 Pr\u00e9sident du jury.<\/li><li style=\"text-align: justify;\">Monsieur Bruno BOERNER, Professeur en histoire de l&rsquo;art m\u00e9di\u00e9val, Universit\u00e9 Rennes 2.\u00a0<\/li><li style=\"text-align: justify;\">Monsieur Jean-Marie FRITZ, Professeur en litt\u00e9rature fran\u00e7aise du Moyen \u00c2ge, Universit\u00e9 de Bourgogne.\u00a0<\/li><li style=\"text-align: justify;\">Monsieur Daniel RUSSO, Professeur en histoire de l\u2019art m\u00e9di\u00e9val, Universit\u00e9 de Bourgogne, directeur de th\u00e8se.<\/li><li style=\"text-align: justify;\">Madame C\u00e9cile VOYER, Professeure en histoire de l\u2019art m\u00e9di\u00e9val, Universit\u00e9 de Poitiers, directrice de th\u00e8se.<\/li><\/ul>\t\t\t\t\t\t\t\t<\/div>\n\t\t\t\t<\/div>\n\t\t\t\t\t<\/div>\n\t\t<\/div>\n\t\t\t\t\t<\/div>\n\t\t<\/section>\n\t\t\t\t<\/div>\n\t\t","protected":false},"excerpt":{"rendered":"<p>T\u00e9l\u00e9charger la th\u00e8se : Docteure en histoire de l&rsquo;art m\u00e9di\u00e9val de l&rsquo;universit\u00e9 de Bourgogne. \u00a0UNIVERSIT\u00c9 DE BOURGOGNE FRANCHE-COMT\u00c9 UFR Sciences Humaines,\u00a0 \u00c9cole Doctorale SEPT (Soci\u00e9t\u00e9s, Espace, Pratiques, Temps),Centre Georges Chevrier UMR 7366 \u2013 CNRS uB Th\u00e8se soutenue le 8 mars 2019. Audrey PENNEL FEMME ET DAME DE COURTOISIE DANS LES MANUSCRITS ENLUMIN\u00c9S EN FRANCE AUX &hellip; <\/p>\n<p class=\"link-more\"><a href=\"https:\/\/audreypennel.fr\/these\/\" class=\"more-link\">Continuer la lecture<span class=\"screen-reader-text\"> de &laquo;&nbsp;Accueil&nbsp;&raquo;<\/span><\/a><\/p>\n","protected":false},"author":1,"featured_media":0,"parent":0,"menu_order":0,"comment_status":"closed","ping_status":"closed","template":"","meta":{"footnotes":""},"class_list":["post-13","page","type-page","status-publish","hentry"],"_links":{"self":[{"href":"https:\/\/audreypennel.fr\/these\/wp-json\/wp\/v2\/pages\/13","targetHints":{"allow":["GET"]}}],"collection":[{"href":"https:\/\/audreypennel.fr\/these\/wp-json\/wp\/v2\/pages"}],"about":[{"href":"https:\/\/audreypennel.fr\/these\/wp-json\/wp\/v2\/types\/page"}],"author":[{"embeddable":true,"href":"https:\/\/audreypennel.fr\/these\/wp-json\/wp\/v2\/users\/1"}],"replies":[{"embeddable":true,"href":"https:\/\/audreypennel.fr\/these\/wp-json\/wp\/v2\/comments?post=13"}],"version-history":[{"count":24,"href":"https:\/\/audreypennel.fr\/these\/wp-json\/wp\/v2\/pages\/13\/revisions"}],"predecessor-version":[{"id":387,"href":"https:\/\/audreypennel.fr\/these\/wp-json\/wp\/v2\/pages\/13\/revisions\/387"}],"wp:attachment":[{"href":"https:\/\/audreypennel.fr\/these\/wp-json\/wp\/v2\/media?parent=13"}],"curies":[{"name":"wp","href":"https:\/\/api.w.org\/{rel}","templated":true}]}}